{"id":6374,"date":"2024-03-11T18:18:58","date_gmt":"2024-03-11T18:18:58","guid":{"rendered":"https:\/\/recoservice.de\/?post_type=product&#038;p=6374"},"modified":"2024-03-24T15:26:18","modified_gmt":"2024-03-24T15:26:18","slug":"cora-140g-gelblich-gerippt-quadrat-klein-220x220-200-st-karton","status":"publish","type":"product","link":"https:\/\/recoservice.de\/fr\/produkt\/cora-140g-gelblich-gerippt-quadrat-klein-220x220-200-st-karton\/","title":{"rendered":"Cora 140g gelblich gerippt Quadrat klein 220&#215;220 &#8211; 200 St.\/Karton"},"content":{"rendered":"<p>Maya 140g<\/p>\n<p>gelblich gerippt<\/p>\n<p>Quadrat klein<\/p>\n<p>220&#215;220<\/p>\n<p>&nbsp;<\/p>\n<p>Produktinformationen Dual-Vorsatz<\/p>\n<p>Materialqualit\u00e4t:<br \/>\nZwei mittig gefalzte B\u00f6gen aus echtem hochwertigem Vorsatzpapier, welche mit einem d\u00fcnnen, flexiblen, knickbruchstabilen und dennoch strapazierf\u00e4higem und sehr rei\u00dffestem Durotex F\u00e4lzelmaterial verbunden sind.<br \/>\nDas F\u00e4lzelmaterial ist an den \u00fcberlappenden Klebestellen vollfl\u00e4chig ohne Rand auf dem Vorsatz verklebt. Dabei baut das F\u00e4lzelmaterial in der Dicke nur ca. 0,1mm auf, wodurch relativ hohe Stapelh\u00f6hen im Vorsatzanleger platziert werden k\u00f6nnen (geringe \u201eDachbildung\u201c).<br \/>\nDie Dual-Vors\u00e4tze sind zur Verarbeitung mit PUR-Klebstoff bestimmt. Bei Verwendung anderer Klebstoffe empfehlen wir Tests.<\/p>\n<p>Leimkante:<br \/>\nDie beidseitig verschlossenen Kopfkanten und die einseitig verschlossene Vorderkante gew\u00e4hleisten ein sicheres Abgreifen an Klebebindern mit beliebiger Anlegerichtung. Die beiden Fl\u00fcgel des Vorsatzfalzbogens sind in Einlaufrichtung nur an der Kante (&lt;2mm) miteinander verklebt, damit der untere Fl\u00fcgel beim Anlegen nicht herunterh\u00e4ngen und verhaken kann. Die zugeklebte Kante wird schon ab einem 3mm Beschnitt randabfallend ge\u00f6ffnet. Sie m\u00fcssen also keine Ma\u00dfzugabe z.B. wegen einer breiten Leimspur ber\u00fccksichtigen.<\/p>\n<p>Abmessungen\/Toleranzen:<br \/>\nDie im Shop angebotenen Formate und Stegbreiten spiegeln den Schwerpunkt unseres Formatportfolios wider, unsere Bestseller sozusagen. Auf Wunsch und ab einer Mindestbestellmenge von 1 Karton bzw. 225 (120g gerippt) \/ 250 St\u00fcck (120g glatt) k\u00f6nnen wir jedes beliebige Format von A5 bis 320x320mm in allen Stegbreiten von 3 bis 58mm produzieren.<\/p>\n<p>Zusammenhang zwischen Buchblockdicke und Stegbreite:<br \/>\nDie zu w\u00e4hlende Stegbreite ergibt sich aus Buchblockdicke (vor dem Klebebinden ohne Vorsatz gemessen) plus 1mm Dickenzuschlag f\u00fcr 2 Vorsatzpapiere plus mindestens 0,5mm Toleranzzuschlag. Wir empfehlen, die Stegbreite nicht gr\u00f6\u00dfer als Buchblockdicke plus 4mm zu w\u00e4hlen.<\/p>\n","protected":false},"excerpt":{"rendered":"<p>Maya 140g gelblich gerippt Quadrat klein 220&#215;220 &nbsp; Produktinformationen Dual-Vorsatz  [&#8230;]<\/p>\n","protected":false},"featured_media":6621,"template":"","meta":{"_monsterinsights_skip_tracking":false,"_monsterinsights_sitenote_active":false,"_monsterinsights_sitenote_note":"","_monsterinsights_sitenote_category":0},"product_brand":[],"product_cat":[37,171],"product_tag":[176],"class_list":{"0":"post-6374","1":"product","2":"type-product","3":"status-publish","4":"has-post-thumbnail","6":"product_cat-dual-vorsatz","7":"product_cat-quadrat-klein","8":"product_tag-dual-vorsatz","10":"first","11":"instock","12":"taxable","13":"shipping-taxable","14":"purchasable","15":"product-type-variable"},"yoast_head":"<!-- This site is optimized with the Yoast SEO plugin v27.3 - https:\/\/yoast.com\/product\/yoast-seo-wordpress\/ -->\n<title>Cora 140g gelblich gerippt Quadrat klein 220x220 - 200 St.\/Karton - RECO SERVICE<\/title>\n<meta name=\"robots\" content=\"index, follow, max-snippet:-1, max-image-preview:large, max-video-preview:-1\" \/>\n<link rel=\"canonical\" href=\"https:\/\/recoservice.de\/fr\/produkt\/cora-140g-gelblich-gerippt-quadrat-klein-220x220-200-st-karton\/\" \/>\n<meta property=\"og:locale\" content=\"fr_FR\" \/>\n<meta property=\"og:type\" content=\"article\" \/>\n<meta property=\"og:title\" content=\"Cora 140g gelblich gerippt Quadrat klein 220x220 - 200 St.\/Karton - RECO SERVICE\" \/>\n<meta property=\"og:description\" content=\"Maya 140g gelblich gerippt Quadrat klein 220&#215;220 &nbsp; Produktinformationen Dual-Vorsatz [...]\" \/>\n<meta property=\"og:url\" content=\"https:\/\/recoservice.de\/fr\/produkt\/cora-140g-gelblich-gerippt-quadrat-klein-220x220-200-st-karton\/\" \/>\n<meta property=\"og:site_name\" content=\"RECO SERVICE\" \/>\n<meta property=\"article:publisher\" content=\"https:\/\/www.facebook.com\/RecoService-110594314927775\" \/>\n<meta property=\"article:modified_time\" content=\"2024-03-24T15:26:18+00:00\" \/>\n<meta property=\"og:image\" content=\"https:\/\/recoservice.de\/wp-content\/uploads\/quadrat-klein-1.png\" \/>\n\t<meta property=\"og:image:width\" content=\"1422\" \/>\n\t<meta property=\"og:image:height\" content=\"820\" \/>\n\t<meta property=\"og:image:type\" content=\"image\/png\" \/>\n<meta name=\"twitter:card\" content=\"summary_large_image\" \/>\n<meta name=\"twitter:label1\" content=\"Dur\u00e9e de lecture estim\u00e9e\" \/>\n\t<meta name=\"twitter:data1\" content=\"2 minutes\" \/>\n<script type=\"application\/ld+json\" class=\"yoast-schema-graph\">{\"@context\":\"https:\\\/\\\/schema.org\",\"@graph\":[{\"@type\":\"WebPage\",\"@id\":\"https:\\\/\\\/recoservice.de\\\/fr\\\/produkt\\\/cora-140g-gelblich-gerippt-quadrat-klein-220x220-200-st-karton\\\/\",\"url\":\"https:\\\/\\\/recoservice.de\\\/fr\\\/produkt\\\/cora-140g-gelblich-gerippt-quadrat-klein-220x220-200-st-karton\\\/\",\"name\":\"Cora 140g gelblich gerippt Quadrat klein 220x220 - 200 St.\\\/Karton - RECO SERVICE\",\"isPartOf\":{\"@id\":\"https:\\\/\\\/recoservice.de\\\/fr\\\/#website\"},\"primaryImageOfPage\":{\"@id\":\"https:\\\/\\\/recoservice.de\\\/fr\\\/produkt\\\/cora-140g-gelblich-gerippt-quadrat-klein-220x220-200-st-karton\\\/#primaryimage\"},\"image\":{\"@id\":\"https:\\\/\\\/recoservice.de\\\/fr\\\/produkt\\\/cora-140g-gelblich-gerippt-quadrat-klein-220x220-200-st-karton\\\/#primaryimage\"},\"thumbnailUrl\":\"https:\\\/\\\/recoservice.de\\\/wp-content\\\/uploads\\\/quadrat-klein-1.png\",\"datePublished\":\"2024-03-11T18:18:58+00:00\",\"dateModified\":\"2024-03-24T15:26:18+00:00\",\"breadcrumb\":{\"@id\":\"https:\\\/\\\/recoservice.de\\\/fr\\\/produkt\\\/cora-140g-gelblich-gerippt-quadrat-klein-220x220-200-st-karton\\\/#breadcrumb\"},\"inLanguage\":\"fr-FR\",\"potentialAction\":[{\"@type\":\"ReadAction\",\"target\":[\"https:\\\/\\\/recoservice.de\\\/fr\\\/produkt\\\/cora-140g-gelblich-gerippt-quadrat-klein-220x220-200-st-karton\\\/\"]}]},{\"@type\":\"ImageObject\",\"inLanguage\":\"fr-FR\",\"@id\":\"https:\\\/\\\/recoservice.de\\\/fr\\\/produkt\\\/cora-140g-gelblich-gerippt-quadrat-klein-220x220-200-st-karton\\\/#primaryimage\",\"url\":\"https:\\\/\\\/recoservice.de\\\/wp-content\\\/uploads\\\/quadrat-klein-1.png\",\"contentUrl\":\"https:\\\/\\\/recoservice.de\\\/wp-content\\\/uploads\\\/quadrat-klein-1.png\",\"width\":1422,\"height\":820},{\"@type\":\"BreadcrumbList\",\"@id\":\"https:\\\/\\\/recoservice.de\\\/fr\\\/produkt\\\/cora-140g-gelblich-gerippt-quadrat-klein-220x220-200-st-karton\\\/#breadcrumb\",\"itemListElement\":[{\"@type\":\"ListItem\",\"position\":1,\"name\":\"Startseite\",\"item\":\"https:\\\/\\\/recoservice.de\\\/fr\\\/\"},{\"@type\":\"ListItem\",\"position\":2,\"name\":\"Produits\",\"item\":\"https:\\\/\\\/recoservice.de\\\/fr\\\/shop\\\/\"},{\"@type\":\"ListItem\",\"position\":3,\"name\":\"Dual Vorsatz\",\"item\":\"https:\\\/\\\/recoservice.de\\\/fr\\\/produkt-kategorie\\\/dual-vorsatz\\\/\"},{\"@type\":\"ListItem\",\"position\":4,\"name\":\"Quadrat klein\",\"item\":\"https:\\\/\\\/recoservice.de\\\/fr\\\/produkt-kategorie\\\/dual-vorsatz\\\/quadrat-klein\\\/\"},{\"@type\":\"ListItem\",\"position\":5,\"name\":\"Cora 140g gelblich gerippt Quadrat klein 220&#215;220 &#8211; 200 St.\\\/Karton\"}]},{\"@type\":\"WebSite\",\"@id\":\"https:\\\/\\\/recoservice.de\\\/fr\\\/#website\",\"url\":\"https:\\\/\\\/recoservice.de\\\/fr\\\/\",\"name\":\"RECO SERVICE\",\"description\":\"Hardcoverbindung, effektiv und smart.\",\"publisher\":{\"@id\":\"https:\\\/\\\/recoservice.de\\\/fr\\\/#organization\"},\"potentialAction\":[{\"@type\":\"SearchAction\",\"target\":{\"@type\":\"EntryPoint\",\"urlTemplate\":\"https:\\\/\\\/recoservice.de\\\/fr\\\/?s={search_term_string}\"},\"query-input\":{\"@type\":\"PropertyValueSpecification\",\"valueRequired\":true,\"valueName\":\"search_term_string\"}}],\"inLanguage\":\"fr-FR\"},{\"@type\":\"Organization\",\"@id\":\"https:\\\/\\\/recoservice.de\\\/fr\\\/#organization\",\"name\":\"RECOSERVICE\",\"url\":\"https:\\\/\\\/recoservice.de\\\/fr\\\/\",\"logo\":{\"@type\":\"ImageObject\",\"inLanguage\":\"fr-FR\",\"@id\":\"https:\\\/\\\/recoservice.de\\\/fr\\\/#\\\/schema\\\/logo\\\/image\\\/\",\"url\":\"https:\\\/\\\/recoservice.de\\\/wp-content\\\/uploads\\\/reco-logo-100x101-1.png\",\"contentUrl\":\"https:\\\/\\\/recoservice.de\\\/wp-content\\\/uploads\\\/reco-logo-100x101-1.png\",\"width\":100,\"height\":101,\"caption\":\"RECOSERVICE\"},\"image\":{\"@id\":\"https:\\\/\\\/recoservice.de\\\/fr\\\/#\\\/schema\\\/logo\\\/image\\\/\"},\"sameAs\":[\"https:\\\/\\\/www.facebook.com\\\/RecoService-110594314927775\",\"https:\\\/\\\/www.linkedin.com\\\/company\\\/recoservice\\\/\",\"https:\\\/\\\/www.youtube.com\\\/channel\\\/UC_n1M947pVsY338u0at_k9g\"]}]}<\/script>\n<!-- \/ Yoast SEO plugin. -->","yoast_head_json":{"title":"Cora 140g gelblich gerippt Quadrat klein 220x220 - 200 St.\/Karton - RECO SERVICE","robots":{"index":"index","follow":"follow","max-snippet":"max-snippet:-1","max-image-preview":"max-image-preview:large","max-video-preview":"max-video-preview:-1"},"canonical":"https:\/\/recoservice.de\/fr\/produkt\/cora-140g-gelblich-gerippt-quadrat-klein-220x220-200-st-karton\/","og_locale":"fr_FR","og_type":"article","og_title":"Cora 140g gelblich gerippt Quadrat klein 220x220 - 200 St.\/Karton - RECO SERVICE","og_description":"Maya 140g gelblich gerippt Quadrat klein 220&#215;220 &nbsp; Produktinformationen Dual-Vorsatz [...]","og_url":"https:\/\/recoservice.de\/fr\/produkt\/cora-140g-gelblich-gerippt-quadrat-klein-220x220-200-st-karton\/","og_site_name":"RECO SERVICE","article_publisher":"https:\/\/www.facebook.com\/RecoService-110594314927775","article_modified_time":"2024-03-24T15:26:18+00:00","og_image":[{"width":1422,"height":820,"url":"https:\/\/recoservice.de\/wp-content\/uploads\/quadrat-klein-1.png","type":"image\/png"}],"twitter_card":"summary_large_image","twitter_misc":{"Dur\u00e9e de lecture estim\u00e9e":"2 minutes"},"schema":{"@context":"https:\/\/schema.org","@graph":[{"@type":"WebPage","@id":"https:\/\/recoservice.de\/fr\/produkt\/cora-140g-gelblich-gerippt-quadrat-klein-220x220-200-st-karton\/","url":"https:\/\/recoservice.de\/fr\/produkt\/cora-140g-gelblich-gerippt-quadrat-klein-220x220-200-st-karton\/","name":"Cora 140g gelblich gerippt Quadrat klein 220x220 - 200 St.\/Karton - RECO SERVICE","isPartOf":{"@id":"https:\/\/recoservice.de\/fr\/#website"},"primaryImageOfPage":{"@id":"https:\/\/recoservice.de\/fr\/produkt\/cora-140g-gelblich-gerippt-quadrat-klein-220x220-200-st-karton\/#primaryimage"},"image":{"@id":"https:\/\/recoservice.de\/fr\/produkt\/cora-140g-gelblich-gerippt-quadrat-klein-220x220-200-st-karton\/#primaryimage"},"thumbnailUrl":"https:\/\/recoservice.de\/wp-content\/uploads\/quadrat-klein-1.png","datePublished":"2024-03-11T18:18:58+00:00","dateModified":"2024-03-24T15:26:18+00:00","breadcrumb":{"@id":"https:\/\/recoservice.de\/fr\/produkt\/cora-140g-gelblich-gerippt-quadrat-klein-220x220-200-st-karton\/#breadcrumb"},"inLanguage":"fr-FR","potentialAction":[{"@type":"ReadAction","target":["https:\/\/recoservice.de\/fr\/produkt\/cora-140g-gelblich-gerippt-quadrat-klein-220x220-200-st-karton\/"]}]},{"@type":"ImageObject","inLanguage":"fr-FR","@id":"https:\/\/recoservice.de\/fr\/produkt\/cora-140g-gelblich-gerippt-quadrat-klein-220x220-200-st-karton\/#primaryimage","url":"https:\/\/recoservice.de\/wp-content\/uploads\/quadrat-klein-1.png","contentUrl":"https:\/\/recoservice.de\/wp-content\/uploads\/quadrat-klein-1.png","width":1422,"height":820},{"@type":"BreadcrumbList","@id":"https:\/\/recoservice.de\/fr\/produkt\/cora-140g-gelblich-gerippt-quadrat-klein-220x220-200-st-karton\/#breadcrumb","itemListElement":[{"@type":"ListItem","position":1,"name":"Startseite","item":"https:\/\/recoservice.de\/fr\/"},{"@type":"ListItem","position":2,"name":"Produits","item":"https:\/\/recoservice.de\/fr\/shop\/"},{"@type":"ListItem","position":3,"name":"Dual Vorsatz","item":"https:\/\/recoservice.de\/fr\/produkt-kategorie\/dual-vorsatz\/"},{"@type":"ListItem","position":4,"name":"Quadrat klein","item":"https:\/\/recoservice.de\/fr\/produkt-kategorie\/dual-vorsatz\/quadrat-klein\/"},{"@type":"ListItem","position":5,"name":"Cora 140g gelblich gerippt Quadrat klein 220&#215;220 &#8211; 200 St.\/Karton"}]},{"@type":"WebSite","@id":"https:\/\/recoservice.de\/fr\/#website","url":"https:\/\/recoservice.de\/fr\/","name":"RECO SERVICE","description":"Hardcoverbindung, effektiv und smart.","publisher":{"@id":"https:\/\/recoservice.de\/fr\/#organization"},"potentialAction":[{"@type":"SearchAction","target":{"@type":"EntryPoint","urlTemplate":"https:\/\/recoservice.de\/fr\/?s={search_term_string}"},"query-input":{"@type":"PropertyValueSpecification","valueRequired":true,"valueName":"search_term_string"}}],"inLanguage":"fr-FR"},{"@type":"Organization","@id":"https:\/\/recoservice.de\/fr\/#organization","name":"RECOSERVICE","url":"https:\/\/recoservice.de\/fr\/","logo":{"@type":"ImageObject","inLanguage":"fr-FR","@id":"https:\/\/recoservice.de\/fr\/#\/schema\/logo\/image\/","url":"https:\/\/recoservice.de\/wp-content\/uploads\/reco-logo-100x101-1.png","contentUrl":"https:\/\/recoservice.de\/wp-content\/uploads\/reco-logo-100x101-1.png","width":100,"height":101,"caption":"RECOSERVICE"},"image":{"@id":"https:\/\/recoservice.de\/fr\/#\/schema\/logo\/image\/"},"sameAs":["https:\/\/www.facebook.com\/RecoService-110594314927775","https:\/\/www.linkedin.com\/company\/recoservice\/","https:\/\/www.youtube.com\/channel\/UC_n1M947pVsY338u0at_k9g"]}]}},"tiered_pricing_type":"fixed","tiered_pricing_fixed_rules":{"4":"61.01","12":"57.11","24":"55.81","48":"54.52"},"tiered_pricing_product_settings":{"layout":"default","base_unit_name":{"singular":null,"plural":null},"default_variation":null},"tiered_pricing_minimum_quantity":null,"tiered_pricing_roles_data":[],"tiered_pricing_percentage_rules":[],"_links":{"self":[{"href":"https:\/\/recoservice.de\/fr\/wp-json\/wp\/v2\/product\/6374","targetHints":{"allow":["GET"]}}],"collection":[{"href":"https:\/\/recoservice.de\/fr\/wp-json\/wp\/v2\/product"}],"about":[{"href":"https:\/\/recoservice.de\/fr\/wp-json\/wp\/v2\/types\/product"}],"wp:featuredmedia":[{"embeddable":true,"href":"https:\/\/recoservice.de\/fr\/wp-json\/wp\/v2\/media\/6621"}],"wp:attachment":[{"href":"https:\/\/recoservice.de\/fr\/wp-json\/wp\/v2\/media?parent=6374"}],"wp:term":[{"taxonomy":"product_brand","embeddable":true,"href":"https:\/\/recoservice.de\/fr\/wp-json\/wp\/v2\/product_brand?post=6374"},{"taxonomy":"product_cat","embeddable":true,"href":"https:\/\/recoservice.de\/fr\/wp-json\/wp\/v2\/product_cat?post=6374"},{"taxonomy":"product_tag","embeddable":true,"href":"https:\/\/recoservice.de\/fr\/wp-json\/wp\/v2\/product_tag?post=6374"}],"curies":[{"name":"wp","href":"https:\/\/api.w.org\/{rel}","templated":true}]}}