{"id":8487,"date":"2022-04-15T21:03:21","date_gmt":"2022-04-15T21:03:21","guid":{"rendered":"https:\/\/recoservice.de\/datenschutzerklaerung\/"},"modified":"2026-03-16T08:01:45","modified_gmt":"2026-03-16T08:01:45","slug":"confidentialite","status":"publish","type":"page","link":"https:\/\/recoservice.de\/fr\/confidentialite\/","title":{"rendered":"Datenschutzerkl\u00e4rung"},"content":{"rendered":"<h2>Qui nous sommes<\/h2>\n<p>L\u2019adresse de notre site Web est : https:\/\/recoservice.de.<\/p>\n<h2>Commentaires<\/h2>\n<p>Quand vous laissez un commentaire auf notre site, les donn\u00e9es inscrites dans le formulaire de commentaire, mais aussi votre adresse IP et l\u2019agent utilisateur de votre navigateur sont collect\u00e9s pour nous aider \u00e0 la d\u00e9tection des commentaires ind\u00e9sirables (spam).<\/p>\n<p>Une cha\u00eene anonymis\u00e9e cr\u00e9\u00e9e \u00e0 partir de votre adresse e-mail (\u00e9galement appel\u00e9e hash) peut \u00eatre envoy\u00e9e au service Gravatar pour v\u00e9rifier si vous utilisez ce dernier. Les clauses de confidentialit\u00e9 du service Gravatar sont disponibles ici : https:\/\/automattic.com\/privacy\/. Apr\u00e8s validation de votre commentaire, votre photo de profil sera visible publiquement \u00e0 c\u00f4t\u00e9 de votre commentaire.<\/p>\n<h2>M\u00e9dias<\/h2>\n<p>Si vous \u00eates un utilisateur ou une utilisatrice enregistr\u00e9(e) et que vous t\u00e9l\u00e9versez des images sur le site Web, nous vous conseillons d\u2019\u00e9viter de t\u00e9l\u00e9verser des images contenant des donn\u00e9es de coordonn\u00e9es GPS EXIF. Les visiteurs de votre site Web peuvent t\u00e9l\u00e9charger et extraire des donn\u00e9es de localisation depuis ces images.<\/p>\n<h2>Cookies<\/h2>\n<p>Si vous d\u00e9posez un commentaire sur notre site, il vous sera propos\u00e9 d\u2019enregistrer votre nom, adresse e-mail et site Web dans des cookies. C\u2019est uniquement pour votre confort afin de ne pas avoir \u00e0 saisir ces informations si vous d\u00e9posez un autre commentaire plus tard. Ces cookies expirent au bout d\u2019un an.<\/p>\n<p>Si vous avez un compte et que vous vous connectez sur ce site, un cookie temporaire sera cr\u00e9\u00e9 pour d\u00e9terminer si votre navigateur accepte les cookies. Il ne contient pas de donn\u00e9es personnelles et sera supprim\u00e9 automatiquement \u00e0 la fermeture de votre navigateur.<\/p>\n<p>Lorsque vous vous connecterez, nous mettrons en place un certain nombre de cookies pour enregistrer vos informations de connexion et vos pr\u00e9f\u00e9rences d\u2019\u00e9cran. La dur\u00e9e de vie d\u2019un cookie de connexion est de deux jours, celle d\u2019un cookie d\u2019option d\u2019\u00e9cran est d\u2019un an. Si vous cochez \u00ab Se souvenir de moi \u00bb, votre cookie de connexion sera conserv\u00e9 pendant deux semaines. Si vous vous d\u00e9connectez de votre compte, le cookie de connexion sera effac\u00e9.<\/p>\n<p>En modifiant oder en publiant un article, un cookie suppl\u00e9mentaire sera enregistr\u00e9 dans votre navigateur. Ce cookie ne comprend aucune donn\u00e9e personnelle. Il indique simplement l\u2019ID de l\u2019article que vous venez de modifier. Il expire au bout d\u2019un jour.<\/p>\n<h2>Contenu int\u00e9gr\u00e9 depuis d\u2019autres sites<\/h2>\n<p>Les articles de ce site peuvent inclure des contenus int\u00e9gr\u00e9s (par exemple des vid\u00e9os, images, articles, etc.). Le contenu int\u00e9gr\u00e9 depuis d\u2019autres sites se comporte de la m\u00eame mani\u00e8re que si le visiteur se rendait sur cet autre site.<\/p>\n<p>Ces sites Web pourraient collecter des donn\u00e9es sur vous, utiliser des cookies, embarquer des outils de suivis tiers et suivre vos interactions avec ces contenus int\u00e9gr\u00e9s si vous disposez d\u2019un compte connect\u00e9 sur leur site Web.<\/p>\n<h2>Avec qui nous partageons vos donn\u00e9es<\/h2>\n<p>Si vous demandez une r\u00e9initialisation de votre mot de passe, votre adresse IP sera incluse dans l\u2019e-mail de r\u00e9initialisation.<\/p>\n<h2>Dur\u00e9es de stockage de vos donn\u00e9es<\/h2>\n<p>Si vous laissez un commentaire, le commentaire et ses m\u00e9tadonn\u00e9es sont conserv\u00e9s ind\u00e9finiment. Cela permet de reconna\u00eetre et approuver automatiquement les commentaires suivants au lieu de les laisser dans la file de mod\u00e9ration.<\/p>\n<p>Pour les utilisateurs et utilisatrices qui s\u2019enregistrent sur notre site (si cela est possible), nous stockons \u00e9galement les donn\u00e9es personnelles indiqu\u00e9es dans leur profil. Tous les utilisateurs et utilisatrices peuvent voir, modifier ou supprimer leurs informations personnelles \u00e0 tout moment (\u00e0 l\u2019exception de leur nom d\u2019utilisateur). Les gestionnaires du site peuvent aussi voir et modifier ces informations.<\/p>\n<h2>Les droits que vous avez sur vos donn\u00e9es<\/h2>\n<p>Si vous avez un compte ou si vous avez laiss\u00e9 des commentaires sur le site, vous pouvez demander \u00e0 recevoir un fichier contenant toutes les donn\u00e9es personnelles que nous poss\u00e9dons \u00e0 votre sujet, incluant celles que vous nous avez fournies. Vous pouvez \u00e9galement demander la suppression des donn\u00e9es personnelles vous concernant. Cela ne prend pas en compte les donn\u00e9es stock\u00e9es \u00e0 des fins administratives, l\u00e9gales ou pour des raisons de s\u00e9curit\u00e9.<\/p>\n<h2>O\u00f9 vos donn\u00e9es sont envoy\u00e9es<\/h2>\n<p>Les commentaires des visiteurs peuvent \u00eatre v\u00e9rifi\u00e9s \u00e0 l\u2019aide d\u2019un service automatis\u00e9 de d\u00e9tection des commentaires ind\u00e9sirables.<\/p>\n","protected":false},"excerpt":{"rendered":"<p>Qui nous sommes L\u2019adresse de notre site Web est :  [&#8230;]<\/p>\n","protected":false},"author":1,"featured_media":0,"parent":0,"menu_order":0,"comment_status":"closed","ping_status":"closed","template":"","meta":{"_monsterinsights_skip_tracking":false,"_monsterinsights_sitenote_active":false,"_monsterinsights_sitenote_note":"","_monsterinsights_sitenote_category":0,"footnotes":""},"class_list":["post-8487","page","type-page","status-publish","hentry"],"yoast_head":"<!-- This site is optimized with the Yoast SEO plugin v27.3 - https:\/\/yoast.com\/product\/yoast-seo-wordpress\/ -->\n<title>Datenschutzerkl\u00e4rung - RECO SERVICE<\/title>\n<meta name=\"robots\" content=\"noindex, follow\" \/>\n<meta property=\"og:locale\" content=\"fr_FR\" \/>\n<meta property=\"og:type\" content=\"article\" \/>\n<meta property=\"og:title\" content=\"Datenschutzerkl\u00e4rung - RECO SERVICE\" \/>\n<meta property=\"og:description\" content=\"Qui nous sommes L\u2019adresse de notre site Web est : [...]\" \/>\n<meta property=\"og:url\" content=\"https:\/\/recoservice.de\/fr\/confidentialite\/\" \/>\n<meta property=\"og:site_name\" content=\"RECO SERVICE\" \/>\n<meta property=\"article:publisher\" content=\"https:\/\/www.facebook.com\/RecoService-110594314927775\" \/>\n<meta property=\"article:modified_time\" content=\"2026-03-16T08:01:45+00:00\" \/>\n<meta name=\"twitter:card\" content=\"summary_large_image\" \/>\n<meta name=\"twitter:label1\" content=\"Dur\u00e9e de lecture estim\u00e9e\" \/>\n\t<meta name=\"twitter:data1\" content=\"4 minutes\" \/>\n<script type=\"application\/ld+json\" class=\"yoast-schema-graph\">{\"@context\":\"https:\\\/\\\/schema.org\",\"@graph\":[{\"@type\":\"WebPage\",\"@id\":\"https:\\\/\\\/recoservice.de\\\/fr\\\/confidentialite\\\/\",\"url\":\"https:\\\/\\\/recoservice.de\\\/fr\\\/confidentialite\\\/\",\"name\":\"Datenschutzerkl\u00e4rung - RECO SERVICE\",\"isPartOf\":{\"@id\":\"https:\\\/\\\/recoservice.de\\\/fr\\\/#website\"},\"datePublished\":\"2022-04-15T21:03:21+00:00\",\"dateModified\":\"2026-03-16T08:01:45+00:00\",\"breadcrumb\":{\"@id\":\"https:\\\/\\\/recoservice.de\\\/fr\\\/confidentialite\\\/#breadcrumb\"},\"inLanguage\":\"fr-FR\",\"potentialAction\":[{\"@type\":\"ReadAction\",\"target\":[\"https:\\\/\\\/recoservice.de\\\/fr\\\/confidentialite\\\/\"]}]},{\"@type\":\"BreadcrumbList\",\"@id\":\"https:\\\/\\\/recoservice.de\\\/fr\\\/confidentialite\\\/#breadcrumb\",\"itemListElement\":[{\"@type\":\"ListItem\",\"position\":1,\"name\":\"Startseite\",\"item\":\"https:\\\/\\\/recoservice.de\\\/fr\\\/\"},{\"@type\":\"ListItem\",\"position\":2,\"name\":\"Datenschutzerkl\u00e4rung\"}]},{\"@type\":\"WebSite\",\"@id\":\"https:\\\/\\\/recoservice.de\\\/fr\\\/#website\",\"url\":\"https:\\\/\\\/recoservice.de\\\/fr\\\/\",\"name\":\"RECO SERVICE\",\"description\":\"Hardcoverbindung, effektiv und smart.\",\"publisher\":{\"@id\":\"https:\\\/\\\/recoservice.de\\\/fr\\\/#organization\"},\"potentialAction\":[{\"@type\":\"SearchAction\",\"target\":{\"@type\":\"EntryPoint\",\"urlTemplate\":\"https:\\\/\\\/recoservice.de\\\/fr\\\/?s={search_term_string}\"},\"query-input\":{\"@type\":\"PropertyValueSpecification\",\"valueRequired\":true,\"valueName\":\"search_term_string\"}}],\"inLanguage\":\"fr-FR\"},{\"@type\":\"Organization\",\"@id\":\"https:\\\/\\\/recoservice.de\\\/fr\\\/#organization\",\"name\":\"RECOSERVICE\",\"url\":\"https:\\\/\\\/recoservice.de\\\/fr\\\/\",\"logo\":{\"@type\":\"ImageObject\",\"inLanguage\":\"fr-FR\",\"@id\":\"https:\\\/\\\/recoservice.de\\\/fr\\\/#\\\/schema\\\/logo\\\/image\\\/\",\"url\":\"https:\\\/\\\/recoservice.de\\\/wp-content\\\/uploads\\\/reco-logo-100x101-1.png\",\"contentUrl\":\"https:\\\/\\\/recoservice.de\\\/wp-content\\\/uploads\\\/reco-logo-100x101-1.png\",\"width\":100,\"height\":101,\"caption\":\"RECOSERVICE\"},\"image\":{\"@id\":\"https:\\\/\\\/recoservice.de\\\/fr\\\/#\\\/schema\\\/logo\\\/image\\\/\"},\"sameAs\":[\"https:\\\/\\\/www.facebook.com\\\/RecoService-110594314927775\",\"https:\\\/\\\/www.linkedin.com\\\/company\\\/recoservice\\\/\",\"https:\\\/\\\/www.youtube.com\\\/channel\\\/UC_n1M947pVsY338u0at_k9g\"]}]}<\/script>\n<!-- \/ Yoast SEO plugin. -->","yoast_head_json":{"title":"Datenschutzerkl\u00e4rung - RECO SERVICE","robots":{"index":"noindex","follow":"follow"},"og_locale":"fr_FR","og_type":"article","og_title":"Datenschutzerkl\u00e4rung - RECO SERVICE","og_description":"Qui nous sommes L\u2019adresse de notre site Web est : [...]","og_url":"https:\/\/recoservice.de\/fr\/confidentialite\/","og_site_name":"RECO SERVICE","article_publisher":"https:\/\/www.facebook.com\/RecoService-110594314927775","article_modified_time":"2026-03-16T08:01:45+00:00","twitter_card":"summary_large_image","twitter_misc":{"Dur\u00e9e de lecture estim\u00e9e":"4 minutes"},"schema":{"@context":"https:\/\/schema.org","@graph":[{"@type":"WebPage","@id":"https:\/\/recoservice.de\/fr\/confidentialite\/","url":"https:\/\/recoservice.de\/fr\/confidentialite\/","name":"Datenschutzerkl\u00e4rung - RECO SERVICE","isPartOf":{"@id":"https:\/\/recoservice.de\/fr\/#website"},"datePublished":"2022-04-15T21:03:21+00:00","dateModified":"2026-03-16T08:01:45+00:00","breadcrumb":{"@id":"https:\/\/recoservice.de\/fr\/confidentialite\/#breadcrumb"},"inLanguage":"fr-FR","potentialAction":[{"@type":"ReadAction","target":["https:\/\/recoservice.de\/fr\/confidentialite\/"]}]},{"@type":"BreadcrumbList","@id":"https:\/\/recoservice.de\/fr\/confidentialite\/#breadcrumb","itemListElement":[{"@type":"ListItem","position":1,"name":"Startseite","item":"https:\/\/recoservice.de\/fr\/"},{"@type":"ListItem","position":2,"name":"Datenschutzerkl\u00e4rung"}]},{"@type":"WebSite","@id":"https:\/\/recoservice.de\/fr\/#website","url":"https:\/\/recoservice.de\/fr\/","name":"RECO SERVICE","description":"Hardcoverbindung, effektiv und smart.","publisher":{"@id":"https:\/\/recoservice.de\/fr\/#organization"},"potentialAction":[{"@type":"SearchAction","target":{"@type":"EntryPoint","urlTemplate":"https:\/\/recoservice.de\/fr\/?s={search_term_string}"},"query-input":{"@type":"PropertyValueSpecification","valueRequired":true,"valueName":"search_term_string"}}],"inLanguage":"fr-FR"},{"@type":"Organization","@id":"https:\/\/recoservice.de\/fr\/#organization","name":"RECOSERVICE","url":"https:\/\/recoservice.de\/fr\/","logo":{"@type":"ImageObject","inLanguage":"fr-FR","@id":"https:\/\/recoservice.de\/fr\/#\/schema\/logo\/image\/","url":"https:\/\/recoservice.de\/wp-content\/uploads\/reco-logo-100x101-1.png","contentUrl":"https:\/\/recoservice.de\/wp-content\/uploads\/reco-logo-100x101-1.png","width":100,"height":101,"caption":"RECOSERVICE"},"image":{"@id":"https:\/\/recoservice.de\/fr\/#\/schema\/logo\/image\/"},"sameAs":["https:\/\/www.facebook.com\/RecoService-110594314927775","https:\/\/www.linkedin.com\/company\/recoservice\/","https:\/\/www.youtube.com\/channel\/UC_n1M947pVsY338u0at_k9g"]}]}},"_links":{"self":[{"href":"https:\/\/recoservice.de\/fr\/wp-json\/wp\/v2\/pages\/8487","targetHints":{"allow":["GET"]}}],"collection":[{"href":"https:\/\/recoservice.de\/fr\/wp-json\/wp\/v2\/pages"}],"about":[{"href":"https:\/\/recoservice.de\/fr\/wp-json\/wp\/v2\/types\/page"}],"author":[{"embeddable":true,"href":"https:\/\/recoservice.de\/fr\/wp-json\/wp\/v2\/users\/1"}],"replies":[{"embeddable":true,"href":"https:\/\/recoservice.de\/fr\/wp-json\/wp\/v2\/comments?post=8487"}],"version-history":[{"count":1,"href":"https:\/\/recoservice.de\/fr\/wp-json\/wp\/v2\/pages\/8487\/revisions"}],"predecessor-version":[{"id":8488,"href":"https:\/\/recoservice.de\/fr\/wp-json\/wp\/v2\/pages\/8487\/revisions\/8488"}],"wp:attachment":[{"href":"https:\/\/recoservice.de\/fr\/wp-json\/wp\/v2\/media?parent=8487"}],"curies":[{"name":"wp","href":"https:\/\/api.w.org\/{rel}","templated":true}]}}