{"id":8480,"date":"2021-11-29T21:51:40","date_gmt":"2021-11-29T21:51:40","guid":{"rendered":"https:\/\/recoservice.de\/impressum\/"},"modified":"2026-03-16T07:57:18","modified_gmt":"2026-03-16T07:57:18","slug":"mentions-legales","status":"publish","type":"page","link":"https:\/\/recoservice.de\/fr\/mentions-legales\/","title":{"rendered":"Impressum"},"content":{"rendered":"<p><div class=\"fusion-fullwidth fullwidth-box fusion-builder-row-1 fusion-flex-container nonhundred-percent-fullwidth non-hundred-percent-height-scrolling\" style=\"--awb-border-radius-top-left:0px;--awb-border-radius-top-right:0px;--awb-border-radius-bottom-right:0px;--awb-border-radius-bottom-left:0px;--awb-flex-wrap:wrap;\" ><div class=\"fusion-builder-row fusion-row fusion-flex-align-items-flex-start fusion-flex-content-wrap\" style=\"max-width:1310.4px;margin-left: calc(-4% \/ 2 );margin-right: calc(-4% \/ 2 );\"><div class=\"fusion-layout-column fusion_builder_column fusion-builder-column-0 fusion_builder_column_1_1 1_1 fusion-flex-column\" style=\"--awb-bg-size:cover;--awb-width-large:100%;--awb-margin-top-large:20px;--awb-spacing-right-large:1.92%;--awb-margin-bottom-large:20px;--awb-spacing-left-large:1.92%;--awb-width-medium:100%;--awb-order-medium:0;--awb-spacing-right-medium:1.92%;--awb-spacing-left-medium:1.92%;--awb-width-small:100%;--awb-order-small:0;--awb-spacing-right-small:1.92%;--awb-spacing-left-small:1.92%;\"><div class=\"fusion-column-wrapper fusion-column-has-shadow fusion-flex-justify-content-flex-start fusion-content-layout-column\"><div class=\"fusion-text fusion-text-1\" style=\"--awb-text-transform:none;\"><h3>Mentions l\u00e9gales conform\u00e9ment \u00e0 l&rsquo;article 5 de la loi allemande sur les t\u00e9l\u00e9m\u00e9dias (TMG) :<\/h3>\n<p>Reco Service<br \/>\nRobert Schmidkonz<br \/>\nPf\u00e4lzer Stra\u00dfe 7b<br \/>\n93128 Regenstauf<br \/>\nAllemagne<\/p>\n<p><strong>Contact<\/strong><br \/>\nT\u00e9l\u00e9phone : +49 9402 938 68 00 \u2013 Fax : +49 9402 938 68 02<br \/>\nE-mail : info@recoservice.de<\/p>\n<p><strong>Num\u00e9ro de TVA intracommunautaire<\/strong><br \/>\nNum\u00e9ro d&rsquo;identification fiscale conform\u00e9ment \u00e0 l&rsquo;article 27 a de la loi allemande relative \u00e0 la taxe sur le chiffre d&rsquo;affaires (UStG) :<br \/>\nDE 176 934 379<\/p>\n<p>&nbsp;<\/p>\n<div class=\"page\" title=\"Page 2\">\n<div class=\"section\">\n<div class=\"layoutArea\">\n<div class=\"column\">\n<p><strong>Responsable de la r\u00e9daction<\/strong><\/p>\n<p>Robert Schmidkonz, Pf\u00e4lzer Stra\u00dfe 7b, 93128 Regenstauf, Allemagne<\/p>\n<p>&nbsp;<\/p>\n<p><strong>R\u00e8glement des litiges de l&rsquo;UE<\/strong><\/p>\n<p>La Commission europ\u00e9enne fournit une plateforme de r\u00e8glement des litiges en ligne (OS) : <a href=\"https:\/\/ec.europa.eu\/consumers\/odr\/\" target=\"_blank\" rel=\"noopener\">https:\/\/ec.europa.eu\/consumers\/odr\/<\/a>.<br \/>\nVous trouverez notre adresse e-mail dans les mentions l\u00e9gales ci-dessus.<\/p>\n<p>&nbsp;<\/p>\n<p><strong>R\u00e8glement des litiges de consommation \/ Organisme de conciliation<\/strong><\/p>\n<p>Nous ne sommes ni dispos\u00e9s \u00e0, ni oblig\u00e9s de participer \u00e0 une proc\u00e9dure de r\u00e8glement des litiges devant un organisme de conciliation pour les consommateurs.<\/p>\n<p>&nbsp;<\/p>\n<p><strong>R\u00e9seaux sociaux<\/strong><\/p>\n<\/div>\n<p>Ces mentions l\u00e9gales s&rsquo;appliquent \u00e9galement \u00e0 nos pr\u00e9sences sur les r\u00e9seaux sociaux :<\/p>\n<p>Facebook, Instagram, Xing, LinkedIn, YouTube, ainsi qu&rsquo;aux autres canaux de m\u00e9dias sociaux exploit\u00e9s par nos soins.<\/p>\n<\/div>\n<\/div>\n<\/div>\n<\/div><\/div><\/div><\/div><\/div><div class=\"fusion-fullwidth fullwidth-box fusion-builder-row-2 fusion-flex-container nonhundred-percent-fullwidth non-hundred-percent-height-scrolling\" style=\"--awb-border-radius-top-left:0px;--awb-border-radius-top-right:0px;--awb-border-radius-bottom-right:0px;--awb-border-radius-bottom-left:0px;--awb-flex-wrap:wrap;\" ><div class=\"fusion-builder-row fusion-row fusion-flex-align-items-flex-start fusion-flex-content-wrap\" style=\"max-width:1310.4px;margin-left: calc(-4% \/ 2 );margin-right: calc(-4% \/ 2 );\"><div class=\"fusion-layout-column fusion_builder_column fusion-builder-column-1 fusion_builder_column_1_1 1_1 fusion-flex-column\" style=\"--awb-bg-size:cover;--awb-width-large:100%;--awb-margin-top-large:0px;--awb-spacing-right-large:1.92%;--awb-margin-bottom-large:0px;--awb-spacing-left-large:1.92%;--awb-width-medium:100%;--awb-spacing-right-medium:1.92%;--awb-spacing-left-medium:1.92%;--awb-width-small:100%;--awb-spacing-right-small:1.92%;--awb-spacing-left-small:1.92%;\"><div class=\"fusion-column-wrapper fusion-flex-justify-content-flex-start fusion-content-layout-column\"><div class=\"fusion-text fusion-text-2\"><h3>R\u00e8glement alternatif des litiges conform\u00e9ment \u00e0 l&rsquo;art. 14 (1) du r\u00e8glement ODR et \u00e0 l&rsquo;art. 36 de la loi VSBG :<\/h3>\n<p>Nous ne sommes ni oblig\u00e9s, ni dispos\u00e9s \u00e0 participer \u00e0 une proc\u00e9dure de r\u00e8glement des litiges devant un organisme de conciliation pour les consommateurs.<\/p>\n<\/div><\/div><\/div><\/div><\/div><\/p>\n","protected":false},"excerpt":{"rendered":"","protected":false},"author":1,"featured_media":0,"parent":0,"menu_order":16,"comment_status":"closed","ping_status":"closed","template":"100-width.php","meta":{"_monsterinsights_skip_tracking":false,"_monsterinsights_sitenote_active":false,"_monsterinsights_sitenote_note":"","_monsterinsights_sitenote_category":0,"footnotes":""},"class_list":["post-8480","page","type-page","status-publish","hentry"],"yoast_head":"<!-- This site is optimized with the Yoast SEO plugin v27.3 - https:\/\/yoast.com\/product\/yoast-seo-wordpress\/ -->\n<title>Impressum - RECO SERVICE<\/title>\n<meta name=\"robots\" content=\"noindex, follow\" \/>\n<meta property=\"og:locale\" content=\"fr_FR\" \/>\n<meta property=\"og:type\" content=\"article\" \/>\n<meta property=\"og:title\" content=\"Impressum - RECO SERVICE\" \/>\n<meta property=\"og:url\" content=\"https:\/\/recoservice.de\/fr\/mentions-legales\/\" \/>\n<meta property=\"og:site_name\" content=\"RECO SERVICE\" \/>\n<meta property=\"article:publisher\" content=\"https:\/\/www.facebook.com\/RecoService-110594314927775\" \/>\n<meta property=\"article:modified_time\" content=\"2026-03-16T07:57:18+00:00\" \/>\n<meta name=\"twitter:card\" content=\"summary_large_image\" \/>\n<meta name=\"twitter:label1\" content=\"Dur\u00e9e de lecture estim\u00e9e\" \/>\n\t<meta name=\"twitter:data1\" content=\"2 minutes\" \/>\n<script type=\"application\/ld+json\" class=\"yoast-schema-graph\">{\"@context\":\"https:\\\/\\\/schema.org\",\"@graph\":[{\"@type\":\"WebPage\",\"@id\":\"https:\\\/\\\/recoservice.de\\\/fr\\\/mentions-legales\\\/\",\"url\":\"https:\\\/\\\/recoservice.de\\\/fr\\\/mentions-legales\\\/\",\"name\":\"Impressum - RECO SERVICE\",\"isPartOf\":{\"@id\":\"https:\\\/\\\/recoservice.de\\\/fr\\\/#website\"},\"datePublished\":\"2021-11-29T21:51:40+00:00\",\"dateModified\":\"2026-03-16T07:57:18+00:00\",\"breadcrumb\":{\"@id\":\"https:\\\/\\\/recoservice.de\\\/fr\\\/mentions-legales\\\/#breadcrumb\"},\"inLanguage\":\"fr-FR\",\"potentialAction\":[{\"@type\":\"ReadAction\",\"target\":[\"https:\\\/\\\/recoservice.de\\\/fr\\\/mentions-legales\\\/\"]}]},{\"@type\":\"BreadcrumbList\",\"@id\":\"https:\\\/\\\/recoservice.de\\\/fr\\\/mentions-legales\\\/#breadcrumb\",\"itemListElement\":[{\"@type\":\"ListItem\",\"position\":1,\"name\":\"Startseite\",\"item\":\"https:\\\/\\\/recoservice.de\\\/fr\\\/\"},{\"@type\":\"ListItem\",\"position\":2,\"name\":\"Impressum\"}]},{\"@type\":\"WebSite\",\"@id\":\"https:\\\/\\\/recoservice.de\\\/fr\\\/#website\",\"url\":\"https:\\\/\\\/recoservice.de\\\/fr\\\/\",\"name\":\"RECO SERVICE\",\"description\":\"Hardcoverbindung, effektiv und smart.\",\"publisher\":{\"@id\":\"https:\\\/\\\/recoservice.de\\\/fr\\\/#organization\"},\"potentialAction\":[{\"@type\":\"SearchAction\",\"target\":{\"@type\":\"EntryPoint\",\"urlTemplate\":\"https:\\\/\\\/recoservice.de\\\/fr\\\/?s={search_term_string}\"},\"query-input\":{\"@type\":\"PropertyValueSpecification\",\"valueRequired\":true,\"valueName\":\"search_term_string\"}}],\"inLanguage\":\"fr-FR\"},{\"@type\":\"Organization\",\"@id\":\"https:\\\/\\\/recoservice.de\\\/fr\\\/#organization\",\"name\":\"RECOSERVICE\",\"url\":\"https:\\\/\\\/recoservice.de\\\/fr\\\/\",\"logo\":{\"@type\":\"ImageObject\",\"inLanguage\":\"fr-FR\",\"@id\":\"https:\\\/\\\/recoservice.de\\\/fr\\\/#\\\/schema\\\/logo\\\/image\\\/\",\"url\":\"https:\\\/\\\/recoservice.de\\\/wp-content\\\/uploads\\\/reco-logo-100x101-1.png\",\"contentUrl\":\"https:\\\/\\\/recoservice.de\\\/wp-content\\\/uploads\\\/reco-logo-100x101-1.png\",\"width\":100,\"height\":101,\"caption\":\"RECOSERVICE\"},\"image\":{\"@id\":\"https:\\\/\\\/recoservice.de\\\/fr\\\/#\\\/schema\\\/logo\\\/image\\\/\"},\"sameAs\":[\"https:\\\/\\\/www.facebook.com\\\/RecoService-110594314927775\",\"https:\\\/\\\/www.linkedin.com\\\/company\\\/recoservice\\\/\",\"https:\\\/\\\/www.youtube.com\\\/channel\\\/UC_n1M947pVsY338u0at_k9g\"]}]}<\/script>\n<!-- \/ Yoast SEO plugin. -->","yoast_head_json":{"title":"Impressum - RECO SERVICE","robots":{"index":"noindex","follow":"follow"},"og_locale":"fr_FR","og_type":"article","og_title":"Impressum - RECO SERVICE","og_url":"https:\/\/recoservice.de\/fr\/mentions-legales\/","og_site_name":"RECO SERVICE","article_publisher":"https:\/\/www.facebook.com\/RecoService-110594314927775","article_modified_time":"2026-03-16T07:57:18+00:00","twitter_card":"summary_large_image","twitter_misc":{"Dur\u00e9e de lecture estim\u00e9e":"2 minutes"},"schema":{"@context":"https:\/\/schema.org","@graph":[{"@type":"WebPage","@id":"https:\/\/recoservice.de\/fr\/mentions-legales\/","url":"https:\/\/recoservice.de\/fr\/mentions-legales\/","name":"Impressum - RECO SERVICE","isPartOf":{"@id":"https:\/\/recoservice.de\/fr\/#website"},"datePublished":"2021-11-29T21:51:40+00:00","dateModified":"2026-03-16T07:57:18+00:00","breadcrumb":{"@id":"https:\/\/recoservice.de\/fr\/mentions-legales\/#breadcrumb"},"inLanguage":"fr-FR","potentialAction":[{"@type":"ReadAction","target":["https:\/\/recoservice.de\/fr\/mentions-legales\/"]}]},{"@type":"BreadcrumbList","@id":"https:\/\/recoservice.de\/fr\/mentions-legales\/#breadcrumb","itemListElement":[{"@type":"ListItem","position":1,"name":"Startseite","item":"https:\/\/recoservice.de\/fr\/"},{"@type":"ListItem","position":2,"name":"Impressum"}]},{"@type":"WebSite","@id":"https:\/\/recoservice.de\/fr\/#website","url":"https:\/\/recoservice.de\/fr\/","name":"RECO SERVICE","description":"Hardcoverbindung, effektiv und smart.","publisher":{"@id":"https:\/\/recoservice.de\/fr\/#organization"},"potentialAction":[{"@type":"SearchAction","target":{"@type":"EntryPoint","urlTemplate":"https:\/\/recoservice.de\/fr\/?s={search_term_string}"},"query-input":{"@type":"PropertyValueSpecification","valueRequired":true,"valueName":"search_term_string"}}],"inLanguage":"fr-FR"},{"@type":"Organization","@id":"https:\/\/recoservice.de\/fr\/#organization","name":"RECOSERVICE","url":"https:\/\/recoservice.de\/fr\/","logo":{"@type":"ImageObject","inLanguage":"fr-FR","@id":"https:\/\/recoservice.de\/fr\/#\/schema\/logo\/image\/","url":"https:\/\/recoservice.de\/wp-content\/uploads\/reco-logo-100x101-1.png","contentUrl":"https:\/\/recoservice.de\/wp-content\/uploads\/reco-logo-100x101-1.png","width":100,"height":101,"caption":"RECOSERVICE"},"image":{"@id":"https:\/\/recoservice.de\/fr\/#\/schema\/logo\/image\/"},"sameAs":["https:\/\/www.facebook.com\/RecoService-110594314927775","https:\/\/www.linkedin.com\/company\/recoservice\/","https:\/\/www.youtube.com\/channel\/UC_n1M947pVsY338u0at_k9g"]}]}},"_links":{"self":[{"href":"https:\/\/recoservice.de\/fr\/wp-json\/wp\/v2\/pages\/8480","targetHints":{"allow":["GET"]}}],"collection":[{"href":"https:\/\/recoservice.de\/fr\/wp-json\/wp\/v2\/pages"}],"about":[{"href":"https:\/\/recoservice.de\/fr\/wp-json\/wp\/v2\/types\/page"}],"author":[{"embeddable":true,"href":"https:\/\/recoservice.de\/fr\/wp-json\/wp\/v2\/users\/1"}],"replies":[{"embeddable":true,"href":"https:\/\/recoservice.de\/fr\/wp-json\/wp\/v2\/comments?post=8480"}],"version-history":[{"count":5,"href":"https:\/\/recoservice.de\/fr\/wp-json\/wp\/v2\/pages\/8480\/revisions"}],"predecessor-version":[{"id":8485,"href":"https:\/\/recoservice.de\/fr\/wp-json\/wp\/v2\/pages\/8480\/revisions\/8485"}],"wp:attachment":[{"href":"https:\/\/recoservice.de\/fr\/wp-json\/wp\/v2\/media?parent=8480"}],"curies":[{"name":"wp","href":"https:\/\/api.w.org\/{rel}","templated":true}]}}